{"id":19,"date":"2017-06-14T20:24:10","date_gmt":"2017-06-14T18:24:10","guid":{"rendered":"http:\/\/stressposttraumatico.it\/?page_id=19"},"modified":"2026-04-17T09:29:56","modified_gmt":"2026-04-17T07:29:56","slug":"chi-siamo","status":"publish","type":"page","link":"https:\/\/stressposttraumatico.it\/index.php\/chi-siamo\/","title":{"rendered":"Chi sono"},"content":{"rendered":"<div dir=\"auto\">\n<p>Mi occupo da pi\u00f9 di trent&#8217;anni di psicoterapia e consulenza clinica sia in ambito privato che istituzionale e aziendale. Recentemente dopo essermi occupato a lungo anche di ipnosi clinica utilizzandola e insegnandola, mi sono avvicinato al problema del disturbo da stress post traumatico.<\/p>\n<\/div>\n<p><!--more--><\/p>\n<div dir=\"auto\">Questo problema da raro e individuale si sta oggi proponendo sempre pi\u00f9 come collettivo se non addirittura sociale a seguito di tutti gli eventi a cui stiamo assistendo, e chiama ogni specialista a confrontarsi a seconda del proprio orientamento. In questo ambito mi \u00e8 apparso estremamente prezioso lo strumento offerto dalla Rewind Trauma Therapy sviluppata da David Muss, che utilizzo e insegno in Italia da alcuni anni.<\/div>\n<div dir=\"auto\"><\/div>\n<div dir=\"auto\">Partendo da una formazione freudiana ho potuto sperimentare anche altre scuole come quella della psicosintesi con il prezioso contributo delle visualizzazioni guidate, concorrendo cos\u00ec alla formazione di un concetto &#8220;ecumenico&#8221; dell&#8217;approccio in psicoterapia, e pur mantenendo sempre un punto di osservazione psicoanalitico ho imparato ad utilizzare anche strumenti diversi, quando realmente efficaci e opportuni.<\/div>\n<div dir=\"auto\">Ritengo che un buon clinico debba saper trattare adeguatamente differenti patologie e,sebbene ognuno dei terapeuti sviluppi naturalmente delle preferenze o comunque si trovi pi\u00f9 a proprio agio con alcune ho sempre cercato di affrontare tutte le situazioni,dalle depressioni agli attacchi di panico,dai disturbi alimentari a quelli della sessualit\u00e0, patologie narcisistiche e disturbi di personalit\u00e0, per citare i pi\u00f9 frequenti, con questo tipo di atteggiamento.<\/div>\n<div dir=\"auto\"><\/div>\n<div dir=\"auto\"><\/div>\n<div dir=\"auto\">Da alcuni anni inoltre mi occupo di Psicologia Aeronautica, attraverso strumenti testistici appropriati e colloqui di valutazione,oltre che con interventi di consulenza e trattamenti psicoterapici rivolti al personale.in particolare piloti ed equipaggi. L&#8217;elevato livello di stress sopportato dal personale di volo sta avendo sempre maggiore evidenza e ne sono consapevoli sia i soggetti direttamente coinvolti che le Compagnie\u00a0 aeronautiche, gli Enti aeronautici e tutte le organizzazioni che si occupano della sicurezza del volo.<\/div>\n<div dir=\"auto\">L&#8217;appartenenza come full member alla European Association for Aviation Psychology,mi permette di partecipare alla continua evoluzione di questa disciplina a livello europeo,e ai i pi\u00f9 recenti sviluppi che si stanno avendo anche in Italia.<\/div>\n<div dir=\"auto\"><\/div>\n<div dir=\"auto\"><\/div>\n","protected":false},"excerpt":{"rendered":"<p>Mi occupo da pi\u00f9 di trent&#8217;anni di psicoterapia e consulenza clinica sia in ambito privato che istituzionale e aziendale. Recentemente dopo essermi occupato a lungo anche di ipnosi clinica utilizzandola e insegnandola, mi sono avvicinato al problema del disturbo da stress post traumatico.<\/p>\n","protected":false},"author":2,"featured_media":0,"parent":0,"menu_order":0,"comment_status":"closed","ping_status":"closed","template":"","meta":{"footnotes":""},"class_list":["post-19","page","type-page","status-publish","hentry"],"_links":{"self":[{"href":"https:\/\/stressposttraumatico.it\/index.php\/wp-json\/wp\/v2\/pages\/19","targetHints":{"allow":["GET"]}}],"collection":[{"href":"https:\/\/stressposttraumatico.it\/index.php\/wp-json\/wp\/v2\/pages"}],"about":[{"href":"https:\/\/stressposttraumatico.it\/index.php\/wp-json\/wp\/v2\/types\/page"}],"author":[{"embeddable":true,"href":"https:\/\/stressposttraumatico.it\/index.php\/wp-json\/wp\/v2\/users\/2"}],"replies":[{"embeddable":true,"href":"https:\/\/stressposttraumatico.it\/index.php\/wp-json\/wp\/v2\/comments?post=19"}],"version-history":[{"count":6,"href":"https:\/\/stressposttraumatico.it\/index.php\/wp-json\/wp\/v2\/pages\/19\/revisions"}],"predecessor-version":[{"id":89,"href":"https:\/\/stressposttraumatico.it\/index.php\/wp-json\/wp\/v2\/pages\/19\/revisions\/89"}],"wp:attachment":[{"href":"https:\/\/stressposttraumatico.it\/index.php\/wp-json\/wp\/v2\/media?parent=19"}],"curies":[{"name":"wp","href":"https:\/\/api.w.org\/{rel}","templated":true}]}}